{"id":8603,"date":"2023-05-05T09:17:11","date_gmt":"2023-05-05T09:17:11","guid":{"rendered":"https:\/\/saesoteria.fi\/kauppa\/?post_type=product&#038;p=8603"},"modified":"2023-05-05T09:17:11","modified_gmt":"2023-05-05T09:17:11","slug":"p-s-rakastan-sinua-cecelia-ahern-2","status":"publish","type":"product","link":"https:\/\/saesoteria.fi\/kauppa\/tuote\/p-s-rakastan-sinua-cecelia-ahern-2\/","title":{"rendered":"P. S. Rakastan sinua, Cecelia Ahern"},"content":{"rendered":"","protected":false},"excerpt":{"rendered":"<p>Tekij\u00e4:Cecelia Ahern<br \/>\nKustantaja:Loisto<br \/>\nKieli:suomi<br \/>\nPainovuosi:2006<br \/>\nPainos:3.p.<br \/>\nSivum\u00e4\u00e4r\u00e4:510s.<br \/>\nSidonta:nidottu<br \/>\nKunto:K3 (K5=uusi, K4=erinomainen, K3=hyv\u00e4, K2=tyydytt\u00e4v\u00e4, K1=kehno)<\/p>\n","protected":false},"featured_media":8588,"template":"","meta":[],"product_brand":[],"product_cat":[59],"product_tag":[],"class_list":{"0":"post-8603","1":"product","2":"type-product","3":"status-publish","4":"has-post-thumbnail","6":"product_cat-romantiikka-kirjat","8":"first","9":"instock","10":"shipping-taxable","11":"purchasable","12":"product-type-simple"},"_links":{"self":[{"href":"https:\/\/saesoteria.fi\/kauppa\/wp-json\/wp\/v2\/product\/8603","targetHints":{"allow":["GET"]}}],"collection":[{"href":"https:\/\/saesoteria.fi\/kauppa\/wp-json\/wp\/v2\/product"}],"about":[{"href":"https:\/\/saesoteria.fi\/kauppa\/wp-json\/wp\/v2\/types\/product"}],"wp:featuredmedia":[{"embeddable":true,"href":"https:\/\/saesoteria.fi\/kauppa\/wp-json\/wp\/v2\/media\/8588"}],"wp:attachment":[{"href":"https:\/\/saesoteria.fi\/kauppa\/wp-json\/wp\/v2\/media?parent=8603"}],"wp:term":[{"taxonomy":"product_brand","embeddable":true,"href":"https:\/\/saesoteria.fi\/kauppa\/wp-json\/wp\/v2\/product_brand?post=8603"},{"taxonomy":"product_cat","embeddable":true,"href":"https:\/\/saesoteria.fi\/kauppa\/wp-json\/wp\/v2\/product_cat?post=8603"},{"taxonomy":"product_tag","embeddable":true,"href":"https:\/\/saesoteria.fi\/kauppa\/wp-json\/wp\/v2\/product_tag?post=8603"}],"curies":[{"name":"wp","href":"https:\/\/api.w.org\/{rel}","templated":true}]}}