{"id":8810,"date":"2024-02-02T08:42:38","date_gmt":"2024-02-02T08:42:38","guid":{"rendered":"https:\/\/saesoteria.fi\/kauppa\/?post_type=product&#038;p=8810"},"modified":"2024-02-02T08:42:38","modified_gmt":"2024-02-02T08:42:38","slug":"haastaja-dvd","status":"publish","type":"product","link":"https:\/\/saesoteria.fi\/kauppa\/tuote\/haastaja-dvd\/","title":{"rendered":"Haastaja (DVD)"},"content":{"rendered":"","protected":false},"excerpt":{"rendered":"<p>Laji:toiminta<br \/>\nTuotantovuosi:1975<br \/>\nPituus:1h30min<br \/>\nKuntoluokitus (levy\/kannet):VG+\/VG+<br \/>\n(M- = uutta vastaava \/ VG+ = hyv\u00e4kuntoinen \/ VG = k\u00e4yt\u00f6st\u00e4 hieman j\u00e4lke\u00e4 \/ G = kulunut, mutta toimiva)<br \/>\nLis\u00e4tietoa elokuvasta saa  kirjoittamalla elokuvan nimen hakuun osoitteessa: www.imdb.com<\/p>\n","protected":false},"featured_media":8736,"template":"","meta":[],"product_brand":[],"product_cat":[29],"product_tag":[],"class_list":{"0":"post-8810","1":"product","2":"type-product","3":"status-publish","4":"has-post-thumbnail","6":"product_cat-toiminta","8":"first","9":"instock","10":"shipping-taxable","11":"purchasable","12":"product-type-simple"},"_links":{"self":[{"href":"https:\/\/saesoteria.fi\/kauppa\/wp-json\/wp\/v2\/product\/8810","targetHints":{"allow":["GET"]}}],"collection":[{"href":"https:\/\/saesoteria.fi\/kauppa\/wp-json\/wp\/v2\/product"}],"about":[{"href":"https:\/\/saesoteria.fi\/kauppa\/wp-json\/wp\/v2\/types\/product"}],"wp:featuredmedia":[{"embeddable":true,"href":"https:\/\/saesoteria.fi\/kauppa\/wp-json\/wp\/v2\/media\/8736"}],"wp:attachment":[{"href":"https:\/\/saesoteria.fi\/kauppa\/wp-json\/wp\/v2\/media?parent=8810"}],"wp:term":[{"taxonomy":"product_brand","embeddable":true,"href":"https:\/\/saesoteria.fi\/kauppa\/wp-json\/wp\/v2\/product_brand?post=8810"},{"taxonomy":"product_cat","embeddable":true,"href":"https:\/\/saesoteria.fi\/kauppa\/wp-json\/wp\/v2\/product_cat?post=8810"},{"taxonomy":"product_tag","embeddable":true,"href":"https:\/\/saesoteria.fi\/kauppa\/wp-json\/wp\/v2\/product_tag?post=8810"}],"curies":[{"name":"wp","href":"https:\/\/api.w.org\/{rel}","templated":true}]}}