{"id":8889,"date":"2024-04-06T10:12:22","date_gmt":"2024-04-06T10:12:22","guid":{"rendered":"https:\/\/saesoteria.fi\/kauppa\/?post_type=product&#038;p=8889"},"modified":"2024-04-06T10:12:23","modified_gmt":"2024-04-06T10:12:23","slug":"merkitysten-muodostuminen-ja-muuttuminen-perheterapeuttisessa-keskustelussa-jarl-wahlstrom","status":"publish","type":"product","link":"https:\/\/saesoteria.fi\/kauppa\/tuote\/merkitysten-muodostuminen-ja-muuttuminen-perheterapeuttisessa-keskustelussa-jarl-wahlstrom\/","title":{"rendered":"Merkitysten muodostuminen ja muuttuminen perheterapeuttisessa keskustelussa, Jarl Wahlstr\u00f6m"},"content":{"rendered":"","protected":false},"excerpt":{"rendered":"<p>Tekij\u00e4:Jarl Wahlstr\u00f6m<br \/>\nKustantaja:Jyv\u00e4skyl\u00e4n Yliopisto<br \/>\nKieli:suomi<br \/>\nPainovuosi:1992<br \/>\nPainos:<br \/>\nSivum\u00e4\u00e4r\u00e4:195s.<br \/>\nSidonta:nidottu<br \/>\nKunto:K3 (K5=uusi, K4=erinomainen, K3=hyv\u00e4, K2=tyydytt\u00e4v\u00e4, K1=kehno)<\/p>\n","protected":false},"featured_media":8866,"template":"","meta":[],"product_brand":[],"product_cat":[80],"product_tag":[],"class_list":{"0":"post-8889","1":"product","2":"type-product","3":"status-publish","4":"has-post-thumbnail","6":"product_cat-oppikirjat","8":"first","9":"instock","10":"shipping-taxable","11":"purchasable","12":"product-type-simple"},"_links":{"self":[{"href":"https:\/\/saesoteria.fi\/kauppa\/wp-json\/wp\/v2\/product\/8889","targetHints":{"allow":["GET"]}}],"collection":[{"href":"https:\/\/saesoteria.fi\/kauppa\/wp-json\/wp\/v2\/product"}],"about":[{"href":"https:\/\/saesoteria.fi\/kauppa\/wp-json\/wp\/v2\/types\/product"}],"wp:featuredmedia":[{"embeddable":true,"href":"https:\/\/saesoteria.fi\/kauppa\/wp-json\/wp\/v2\/media\/8866"}],"wp:attachment":[{"href":"https:\/\/saesoteria.fi\/kauppa\/wp-json\/wp\/v2\/media?parent=8889"}],"wp:term":[{"taxonomy":"product_brand","embeddable":true,"href":"https:\/\/saesoteria.fi\/kauppa\/wp-json\/wp\/v2\/product_brand?post=8889"},{"taxonomy":"product_cat","embeddable":true,"href":"https:\/\/saesoteria.fi\/kauppa\/wp-json\/wp\/v2\/product_cat?post=8889"},{"taxonomy":"product_tag","embeddable":true,"href":"https:\/\/saesoteria.fi\/kauppa\/wp-json\/wp\/v2\/product_tag?post=8889"}],"curies":[{"name":"wp","href":"https:\/\/api.w.org\/{rel}","templated":true}]}}