{"id":8895,"date":"2024-04-10T10:23:15","date_gmt":"2024-04-10T10:23:15","guid":{"rendered":"https:\/\/saesoteria.fi\/kauppa\/?post_type=product&#038;p=8895"},"modified":"2024-04-10T10:23:15","modified_gmt":"2024-04-10T10:23:15","slug":"eron-vaiheet-ulla-penttila-lea-yli-marttila","status":"publish","type":"product","link":"https:\/\/saesoteria.fi\/kauppa\/tuote\/eron-vaiheet-ulla-penttila-lea-yli-marttila\/","title":{"rendered":"Eron vaiheet, Ulla Penttil\u00e4, Lea Yli-Marttila"},"content":{"rendered":"","protected":false},"excerpt":{"rendered":"<p>Tekij\u00e4:Ulla Penttil\u00e4, Lea Yli-Marttila<br \/>\nKustantaja:Tietosanoma<br \/>\nKieli:suomi<br \/>\nPainovuosi:1999<br \/>\nPainos:<br \/>\nSivum\u00e4\u00e4r\u00e4:119s.<br \/>\nSidonta:sidottu, kuvakannet<br \/>\nKunto:K3 (K5=uusi, K4=erinomainen, K3=hyv\u00e4, K2=tyydytt\u00e4v\u00e4, K1=kehno)<\/p>\n","protected":false},"featured_media":8868,"template":"","meta":[],"product_brand":[],"product_cat":[20],"product_tag":[],"class_list":{"0":"post-8895","1":"product","2":"type-product","3":"status-publish","4":"has-post-thumbnail","6":"product_cat-oppaat","8":"first","9":"instock","10":"shipping-taxable","11":"purchasable","12":"product-type-simple"},"_links":{"self":[{"href":"https:\/\/saesoteria.fi\/kauppa\/wp-json\/wp\/v2\/product\/8895","targetHints":{"allow":["GET"]}}],"collection":[{"href":"https:\/\/saesoteria.fi\/kauppa\/wp-json\/wp\/v2\/product"}],"about":[{"href":"https:\/\/saesoteria.fi\/kauppa\/wp-json\/wp\/v2\/types\/product"}],"wp:featuredmedia":[{"embeddable":true,"href":"https:\/\/saesoteria.fi\/kauppa\/wp-json\/wp\/v2\/media\/8868"}],"wp:attachment":[{"href":"https:\/\/saesoteria.fi\/kauppa\/wp-json\/wp\/v2\/media?parent=8895"}],"wp:term":[{"taxonomy":"product_brand","embeddable":true,"href":"https:\/\/saesoteria.fi\/kauppa\/wp-json\/wp\/v2\/product_brand?post=8895"},{"taxonomy":"product_cat","embeddable":true,"href":"https:\/\/saesoteria.fi\/kauppa\/wp-json\/wp\/v2\/product_cat?post=8895"},{"taxonomy":"product_tag","embeddable":true,"href":"https:\/\/saesoteria.fi\/kauppa\/wp-json\/wp\/v2\/product_tag?post=8895"}],"curies":[{"name":"wp","href":"https:\/\/api.w.org\/{rel}","templated":true}]}}