{"id":9124,"date":"2024-12-16T08:33:37","date_gmt":"2024-12-16T08:33:37","guid":{"rendered":"https:\/\/saesoteria.fi\/kauppa\/?post_type=product&#038;p=9124"},"modified":"2024-12-16T08:33:37","modified_gmt":"2024-12-16T08:33:37","slug":"the-happening-28-veckor-senare-dvd","status":"publish","type":"product","link":"https:\/\/saesoteria.fi\/kauppa\/tuote\/the-happening-28-veckor-senare-dvd\/","title":{"rendered":"The Happening, 28 veckor senare (DVD)"},"content":{"rendered":"","protected":false},"excerpt":{"rendered":"<p>Laji:sficit, trilleri<br \/>\nTuotantovuosi:2008, 2007<br \/>\nPituus:1h30min,1h36min<br \/>\nKuntoluokitus (levy\/kannet):VG+\/VG+<br \/>\nHuom: Kansipaperit ruotsinkieliset<br \/>\n(M- = uutta vastaava \/ VG+ = hyv\u00e4kuntoinen \/ VG = k\u00e4yt\u00f6st\u00e4 hieman j\u00e4lke\u00e4 \/ G = kulunut, mutta toimiva)<br \/>\nLis\u00e4tietoa elokuvasta saa  kirjoittamalla elokuvan nimen hakuun osoitteessa: www.imdb.com<\/p>\n","protected":false},"featured_media":9054,"template":"","meta":[],"product_brand":[],"product_cat":[34,27],"product_tag":[],"class_list":{"0":"post-9124","1":"product","2":"type-product","3":"status-publish","4":"has-post-thumbnail","6":"product_cat-sci-fi","7":"product_cat-trilleri","9":"first","10":"instock","11":"shipping-taxable","12":"purchasable","13":"product-type-simple"},"_links":{"self":[{"href":"https:\/\/saesoteria.fi\/kauppa\/wp-json\/wp\/v2\/product\/9124","targetHints":{"allow":["GET"]}}],"collection":[{"href":"https:\/\/saesoteria.fi\/kauppa\/wp-json\/wp\/v2\/product"}],"about":[{"href":"https:\/\/saesoteria.fi\/kauppa\/wp-json\/wp\/v2\/types\/product"}],"wp:featuredmedia":[{"embeddable":true,"href":"https:\/\/saesoteria.fi\/kauppa\/wp-json\/wp\/v2\/media\/9054"}],"wp:attachment":[{"href":"https:\/\/saesoteria.fi\/kauppa\/wp-json\/wp\/v2\/media?parent=9124"}],"wp:term":[{"taxonomy":"product_brand","embeddable":true,"href":"https:\/\/saesoteria.fi\/kauppa\/wp-json\/wp\/v2\/product_brand?post=9124"},{"taxonomy":"product_cat","embeddable":true,"href":"https:\/\/saesoteria.fi\/kauppa\/wp-json\/wp\/v2\/product_cat?post=9124"},{"taxonomy":"product_tag","embeddable":true,"href":"https:\/\/saesoteria.fi\/kauppa\/wp-json\/wp\/v2\/product_tag?post=9124"}],"curies":[{"name":"wp","href":"https:\/\/api.w.org\/{rel}","templated":true}]}}