{"id":9550,"date":"2025-08-30T09:43:13","date_gmt":"2025-08-30T09:43:13","guid":{"rendered":"https:\/\/saesoteria.fi\/kauppa\/?post_type=product&#038;p=9550"},"modified":"2025-08-30T09:43:13","modified_gmt":"2025-08-30T09:43:13","slug":"kaunis-elama-dvd","status":"publish","type":"product","link":"https:\/\/saesoteria.fi\/kauppa\/tuote\/kaunis-elama-dvd\/","title":{"rendered":"Kaunis el\u00e4m\u00e4 (DVD)"},"content":{"rendered":"","protected":false},"excerpt":{"rendered":"<p>Laji:draama, komedia<br \/>\nTuotantovuosi:1997<br \/>\nPituus:111min<br \/>\nKuntoluokitus (levy\/kannet):VG+\/VG+<br \/>\n(M- = uutta vastaava \/ VG+ = hyv\u00e4kuntoinen \/ VG = k\u00e4yt\u00f6st\u00e4 hieman j\u00e4lke\u00e4 \/ G = kulunut, mutta toimiva)<br \/>\nLis\u00e4tietoa elokuvasta saa  kirjoittamalla elokuvan nimen hakuun osoitteessa: www.imdb.com<\/p>\n","protected":false},"featured_media":9508,"template":"","meta":[],"product_brand":[],"product_cat":[31,32],"product_tag":[],"class_list":{"0":"post-9550","1":"product","2":"type-product","3":"status-publish","4":"has-post-thumbnail","6":"product_cat-draama","7":"product_cat-komedia","9":"first","10":"instock","11":"shipping-taxable","12":"purchasable","13":"product-type-simple"},"_links":{"self":[{"href":"https:\/\/saesoteria.fi\/kauppa\/wp-json\/wp\/v2\/product\/9550","targetHints":{"allow":["GET"]}}],"collection":[{"href":"https:\/\/saesoteria.fi\/kauppa\/wp-json\/wp\/v2\/product"}],"about":[{"href":"https:\/\/saesoteria.fi\/kauppa\/wp-json\/wp\/v2\/types\/product"}],"wp:featuredmedia":[{"embeddable":true,"href":"https:\/\/saesoteria.fi\/kauppa\/wp-json\/wp\/v2\/media\/9508"}],"wp:attachment":[{"href":"https:\/\/saesoteria.fi\/kauppa\/wp-json\/wp\/v2\/media?parent=9550"}],"wp:term":[{"taxonomy":"product_brand","embeddable":true,"href":"https:\/\/saesoteria.fi\/kauppa\/wp-json\/wp\/v2\/product_brand?post=9550"},{"taxonomy":"product_cat","embeddable":true,"href":"https:\/\/saesoteria.fi\/kauppa\/wp-json\/wp\/v2\/product_cat?post=9550"},{"taxonomy":"product_tag","embeddable":true,"href":"https:\/\/saesoteria.fi\/kauppa\/wp-json\/wp\/v2\/product_tag?post=9550"}],"curies":[{"name":"wp","href":"https:\/\/api.w.org\/{rel}","templated":true}]}}